{"id":6556,"date":"2019-04-23T13:07:40","date_gmt":"2019-04-23T12:07:40","guid":{"rendered":"https:\/\/jan-hospitality.com\/?page_id=6556"},"modified":"2022-09-29T13:09:42","modified_gmt":"2022-09-29T12:09:42","slug":"jitka-pondelikova","status":"publish","type":"page","link":"https:\/\/jan-hospitality.com\/en\/jitka-pondelikova\/","title":{"rendered":"Jitka Pond\u011bl\u00edkov\u00e1"},"content":{"rendered":"<div class=\"wpb-content-wrapper\"><p>[vc_row full_width=&#8221;stretch_row_content_no_spaces&#8221; content_placement=&#8221;bottom&#8221; css=&#8221;.vc_custom_1502478827864{background-image: url(https:\/\/jan-hospitality.com\/wp-content\/uploads\/2017\/08\/kontakty_header-2.jpg?id=4467) !important;background-position: center !important;background-repeat: no-repeat !important;background-size: cover !important;}&#8221;][vc_column][vc_empty_space height=&#8221;150px&#8221;][vc_custom_heading text=&#8221;OUR TEAM&#8221; font_container=&#8221;tag:h2|text_align:center|color:%23ffffff&#8221; use_theme_fonts=&#8221;yes&#8221;][vc_empty_space height=&#8221;70px&#8221;][\/vc_column][\/vc_row][vc_row full_width=&#8221;stretch_row&#8221; css=&#8221;.vc_custom_1504628785250{background-color: #f9f9f9 !important;}&#8221;][vc_column][vc_empty_space height=&#8221;40px&#8221;][vc_column_text]<\/p>\n<h1>Jitka Pond\u011bl\u00edkov\u00e1<\/h1>\n<p>[\/vc_column_text][vc_column_text]<strong>Client Services<\/strong><br \/>\n<a href=\"tel:+420 725 293 982\">+420 774 726 833<\/a><br \/>\n<a href=\"mailto:lucie.cizkova@jan-reality.com\">jitka.pondelikova@jan-reality.com<\/a>[\/vc_column_text][\/vc_column][\/vc_row][vc_row][vc_column][vc_empty_space height=&#8221;40px&#8221;][\/vc_column][\/vc_row][vc_row][vc_column width=&#8221;1\/2&#8243;][vc_column_text]Jitka has been a real estate agent for 11 years. And not only that! Jitka has an impeccable sense of interior design and is excellent at managing the renovation of a property.<\/p>\n<p>In addition to her professional horizons, she also enjoys expanding her leisure ones. For example, she has added courses in ballet, Latin fitness and Latin-American dancing to her sushi preparation course. Her hobbies are not only about exercise, but also baking. Even her spoiled colleagues from JAN Reality can&#8217;t get enough of her lovingly made goodies.<\/p>\n<p>But the most relaxing time for Jitka is the time she can spend with her grandchildren Nikolas and Tobias because family is the most important thing for her.[\/vc_column_text][\/vc_column][vc_column width=&#8221;1\/2&#8243;][vc_single_image image=&#8221;6498&#8243; img_size=&#8221;full&#8221; alignment=&#8221;center&#8221;][\/vc_column][\/vc_row]<\/p>\n<\/div>","protected":false},"excerpt":{"rendered":"<p>[vc_row full_width=&#8221;stretch_row_content_no_spaces&#8221; content_placement=&#8221;bottom&#8221; css=&#8221;.vc_custom_1502478827864{background-image: url(https:\/\/jan-hospitality.com\/wp-content\/uploads\/2017\/08\/kontakty_header-2.jpg?id=4467) !important;background-position: center !important;background-repeat: no-repeat !important;background-size: cover !important;}&#8221;][vc_column][vc_empty_space height=&#8221;150px&#8221;][vc_custom_heading text=&#8221;OUR TEAM&#8221; font_container=&#8221;tag:h2|text_align:center|color:%23ffffff&#8221; use_theme_fonts=&#8221;yes&#8221;][vc_empty_space height=&#8221;70px&#8221;][\/vc_column][\/vc_row][vc_row full_width=&#8221;stretch_row&#8221; css=&#8221;.vc_custom_1504628785250{background-color: #f9f9f9 !important;}&#8221;][vc_column][vc_empty_space height=&#8221;40px&#8221;][vc_column_text] Jitka Pond\u011bl\u00edkov\u00e1 [\/vc_column_text][vc_column_text]Client Services +420 774 726 833 jitka.pondelikova@jan-reality.com[\/vc_column_text][\/vc_column][\/vc_row][vc_row][vc_column][vc_empty_space height=&#8221;40px&#8221;][\/vc_column][\/vc_row][vc_row][vc_column width=&#8221;1\/2&#8243;][vc_column_text]Jitka has been a real estate agent for 11 years. And not only that! Jitka has an impeccable sense of interior design&hellip;<\/p>\n","protected":false},"author":133,"featured_media":0,"parent":0,"menu_order":0,"comment_status":"closed","ping_status":"closed","template":"","meta":{"_acf_changed":false,"footnotes":""},"class_list":["post-6556","page","type-page","status-publish","hentry"],"acf":[],"_links":{"self":[{"href":"https:\/\/jan-hospitality.com\/en\/wp-json\/wp\/v2\/pages\/6556","targetHints":{"allow":["GET"]}}],"collection":[{"href":"https:\/\/jan-hospitality.com\/en\/wp-json\/wp\/v2\/pages"}],"about":[{"href":"https:\/\/jan-hospitality.com\/en\/wp-json\/wp\/v2\/types\/page"}],"author":[{"embeddable":true,"href":"https:\/\/jan-hospitality.com\/en\/wp-json\/wp\/v2\/users\/133"}],"replies":[{"embeddable":true,"href":"https:\/\/jan-hospitality.com\/en\/wp-json\/wp\/v2\/comments?post=6556"}],"version-history":[{"count":0,"href":"https:\/\/jan-hospitality.com\/en\/wp-json\/wp\/v2\/pages\/6556\/revisions"}],"wp:attachment":[{"href":"https:\/\/jan-hospitality.com\/en\/wp-json\/wp\/v2\/media?parent=6556"}],"curies":[{"name":"wp","href":"https:\/\/api.w.org\/{rel}","templated":true}]}}