{"id":5347,"date":"2017-09-05T17:37:56","date_gmt":"2017-09-05T16:37:56","guid":{"rendered":"https:\/\/jan-hospitality.com\/lucie-cizkova\/"},"modified":"2019-04-23T12:59:08","modified_gmt":"2019-04-23T11:59:08","slug":"lucie-cizkova","status":"publish","type":"page","link":"https:\/\/jan-hospitality.com\/en\/lucie-cizkova\/","title":{"rendered":"Lucie \u010c\u00ed\u017ekov\u00e1"},"content":{"rendered":"<div class=\"wpb-content-wrapper\"><p>[vc_row full_width=&#8221;stretch_row_content_no_spaces&#8221; content_placement=&#8221;bottom&#8221; css=&#8221;.vc_custom_1502478827864{background-image: url(https:\/\/jan-hospitality.com\/wp-content\/uploads\/2017\/08\/kontakty_header-2.jpg?id=4467) !important;background-position: center !important;background-repeat: no-repeat !important;background-size: cover !important;}&#8221;][vc_column][vc_empty_space height=&#8221;150px&#8221;][vc_custom_heading text=&#8221;OUR TEAM&#8221; font_container=&#8221;tag:h2|text_align:center|color:%23ffffff&#8221; use_theme_fonts=&#8221;yes&#8221;][vc_empty_space height=&#8221;70px&#8221;][\/vc_column][\/vc_row][vc_row full_width=&#8221;stretch_row&#8221; css=&#8221;.vc_custom_1504628785250{background-color: #f9f9f9 !important;}&#8221;][vc_column][vc_empty_space height=&#8221;40px&#8221;][vc_column_text]<\/p>\n<h1>Lucie \u010c\u00ed\u017ekov\u00e1<\/h1>\n<p>[\/vc_column_text][vc_column_text]<strong>Analytik<\/strong><br \/>\n<a href=\"tel:+420 725 293 982\">+420 725 293 982<\/a><br \/>\n<a href=\"mailto:lucie.cizkova@jan-reality.com\">lucie.cizkova@jan-reality.com<\/a>[\/vc_column_text][\/vc_column][\/vc_row][vc_row][vc_column][vc_empty_space height=&#8221;40px&#8221;][\/vc_column][\/vc_row][vc_row][vc_column width=&#8221;1\/2&#8243;][vc_column_text]Lucie \u010c\u00ed\u017ekov\u00e1 works in our office as a specialist in the hotel industry and communication with clients. She has worked in a variety of professions and draws on the experience she has gained in a variety of fields to help real estate colleagues and consultants do business in a systematic, quick and professional manner. Lucie is one of life&#8217;s optimists. She tries to do everything with a smile, humour and good cheer. She believes that any problems can be solved more easily with a positive approach. She is a keen mountain hiker, rides a scooter, and most of all loves planning trips, games and other activities for her son and his friends.[\/vc_column_text][\/vc_column][vc_column width=&#8221;1\/2&#8243;][vc_single_image image=&#8221;6505&#8243; img_size=&#8221;full&#8221; alignment=&#8221;center&#8221;][\/vc_column][\/vc_row]<\/p>\n<\/div>","protected":false},"excerpt":{"rendered":"<p>[vc_row full_width=&#8221;stretch_row_content_no_spaces&#8221; content_placement=&#8221;bottom&#8221; css=&#8221;.vc_custom_1502478827864{background-image: url(https:\/\/jan-hospitality.com\/wp-content\/uploads\/2017\/08\/kontakty_header-2.jpg?id=4467) !important;background-position: center !important;background-repeat: no-repeat !important;background-size: cover !important;}&#8221;][vc_column][vc_empty_space height=&#8221;150px&#8221;][vc_custom_heading text=&#8221;OUR TEAM&#8221; font_container=&#8221;tag:h2|text_align:center|color:%23ffffff&#8221; use_theme_fonts=&#8221;yes&#8221;][vc_empty_space height=&#8221;70px&#8221;][\/vc_column][\/vc_row][vc_row full_width=&#8221;stretch_row&#8221; css=&#8221;.vc_custom_1504628785250{background-color: #f9f9f9 !important;}&#8221;][vc_column][vc_empty_space height=&#8221;40px&#8221;][vc_column_text] Lucie \u010c\u00ed\u017ekov\u00e1 [\/vc_column_text][vc_column_text]Analytik +420 725 293 982 lucie.cizkova@jan-reality.com[\/vc_column_text][\/vc_column][\/vc_row][vc_row][vc_column][vc_empty_space height=&#8221;40px&#8221;][\/vc_column][\/vc_row][vc_row][vc_column width=&#8221;1\/2&#8243;][vc_column_text]Lucie \u010c\u00ed\u017ekov\u00e1 works in our office as a specialist in the hotel industry and communication with clients. She has worked in a variety&hellip;<\/p>\n","protected":false},"author":133,"featured_media":0,"parent":0,"menu_order":0,"comment_status":"closed","ping_status":"closed","template":"","meta":{"_acf_changed":false,"footnotes":""},"class_list":["post-5347","page","type-page","status-publish","hentry"],"acf":[],"_links":{"self":[{"href":"https:\/\/jan-hospitality.com\/en\/wp-json\/wp\/v2\/pages\/5347","targetHints":{"allow":["GET"]}}],"collection":[{"href":"https:\/\/jan-hospitality.com\/en\/wp-json\/wp\/v2\/pages"}],"about":[{"href":"https:\/\/jan-hospitality.com\/en\/wp-json\/wp\/v2\/types\/page"}],"author":[{"embeddable":true,"href":"https:\/\/jan-hospitality.com\/en\/wp-json\/wp\/v2\/users\/133"}],"replies":[{"embeddable":true,"href":"https:\/\/jan-hospitality.com\/en\/wp-json\/wp\/v2\/comments?post=5347"}],"version-history":[{"count":0,"href":"https:\/\/jan-hospitality.com\/en\/wp-json\/wp\/v2\/pages\/5347\/revisions"}],"wp:attachment":[{"href":"https:\/\/jan-hospitality.com\/en\/wp-json\/wp\/v2\/media?parent=5347"}],"curies":[{"name":"wp","href":"https:\/\/api.w.org\/{rel}","templated":true}]}}