{"id":5341,"date":"2017-09-05T17:33:44","date_gmt":"2017-09-05T16:33:44","guid":{"rendered":"https:\/\/jan-hospitality.com\/vaclav-hribal\/"},"modified":"2022-09-29T12:59:31","modified_gmt":"2022-09-29T11:59:31","slug":"vaclav-hribal-3","status":"publish","type":"page","link":"https:\/\/jan-hospitality.com\/en\/vaclav-hribal-3\/","title":{"rendered":"V\u00e1clav H\u0159\u00edbal"},"content":{"rendered":"<div class=\"wpb-content-wrapper\"><p>[vc_row full_width=&#8221;stretch_row_content_no_spaces&#8221; content_placement=&#8221;bottom&#8221; css=&#8221;.vc_custom_1502478827864{background-image: url(https:\/\/jan-hospitality.com\/wp-content\/uploads\/2017\/08\/kontakty_header-2.jpg?id=4467) !important;background-position: center !important;background-repeat: no-repeat !important;background-size: cover !important;}&#8221;][vc_column][vc_empty_space height=&#8221;150px&#8221;][vc_custom_heading text=&#8221;OUR TEAM&#8221; font_container=&#8221;tag:h2|text_align:center|color:%23ffffff&#8221; use_theme_fonts=&#8221;yes&#8221;][vc_empty_space height=&#8221;70px&#8221;][\/vc_column][\/vc_row][vc_row full_width=&#8221;stretch_row&#8221; css=&#8221;.vc_custom_1504628785250{background-color: #f9f9f9 !important;}&#8221;][vc_column][vc_empty_space height=&#8221;40px&#8221;][vc_column_text]<\/p>\n<h1>V\u00e1clav H\u0159\u00edbal<\/h1>\n<p>[\/vc_column_text][vc_column_text]<strong>Head of Hotel Transactions<\/strong><br \/>\n<a href=\"tel:+420 725 293 269\">+420 725 293 269<\/a><br \/>\n<a href=\"mailto:vaclav.hribal@jan-reality.com\">vaclav.hribal@jan-hospitality.com<\/a>[\/vc_column_text][\/vc_column][\/vc_row][vc_row][vc_column][vc_empty_space height=&#8221;40px&#8221;][\/vc_column][\/vc_row][vc_row][vc_column width=&#8221;1\/2&#8243;][vc_column_text]<strong>V\u00e1clav <\/strong>is responsible for the hotel industry side of the business. He applies his experience from working for more than 20 years in hotel sales, leases and franchises, and he manages the audits of restaurant and hotel operations and convention centres. He started his career in the USA, where he also studied Hotel and Restaurant Management. He has worked in a number of top hotels both in the USA and the Czech Republic.<\/p>\n<p>V\u00e1clav is an avid footballer, having previously played for a local club, and he also enjoys travelling. He lives in Stod\u016flky, and is proud of it as his parents also used to live there and he considers himself a local patriot.<\/p>\n<p>V\u00e1clav is fluent in English.[\/vc_column_text][\/vc_column][vc_column width=&#8221;1\/2&#8243;][vc_single_image image=&#8221;10226&#8243; img_size=&#8221;full&#8221; alignment=&#8221;center&#8221;][\/vc_column][\/vc_row]<\/p>\n<\/div>","protected":false},"excerpt":{"rendered":"<p>[vc_row full_width=&#8221;stretch_row_content_no_spaces&#8221; content_placement=&#8221;bottom&#8221; css=&#8221;.vc_custom_1502478827864{background-image: url(https:\/\/jan-hospitality.com\/wp-content\/uploads\/2017\/08\/kontakty_header-2.jpg?id=4467) !important;background-position: center !important;background-repeat: no-repeat !important;background-size: cover !important;}&#8221;][vc_column][vc_empty_space height=&#8221;150px&#8221;][vc_custom_heading text=&#8221;OUR TEAM&#8221; font_container=&#8221;tag:h2|text_align:center|color:%23ffffff&#8221; use_theme_fonts=&#8221;yes&#8221;][vc_empty_space height=&#8221;70px&#8221;][\/vc_column][\/vc_row][vc_row full_width=&#8221;stretch_row&#8221; css=&#8221;.vc_custom_1504628785250{background-color: #f9f9f9 !important;}&#8221;][vc_column][vc_empty_space height=&#8221;40px&#8221;][vc_column_text] V\u00e1clav H\u0159\u00edbal [\/vc_column_text][vc_column_text]Head of Hotel Transactions +420 725 293 269 vaclav.hribal@jan-hospitality.com[\/vc_column_text][\/vc_column][\/vc_row][vc_row][vc_column][vc_empty_space height=&#8221;40px&#8221;][\/vc_column][\/vc_row][vc_row][vc_column width=&#8221;1\/2&#8243;][vc_column_text]V\u00e1clav is responsible for the hotel industry side of the business. He applies his experience from working for more than&hellip;<\/p>\n","protected":false},"author":133,"featured_media":0,"parent":0,"menu_order":0,"comment_status":"closed","ping_status":"closed","template":"","meta":{"_acf_changed":false,"footnotes":""},"class_list":["post-5341","page","type-page","status-publish","hentry"],"acf":[],"_links":{"self":[{"href":"https:\/\/jan-hospitality.com\/en\/wp-json\/wp\/v2\/pages\/5341","targetHints":{"allow":["GET"]}}],"collection":[{"href":"https:\/\/jan-hospitality.com\/en\/wp-json\/wp\/v2\/pages"}],"about":[{"href":"https:\/\/jan-hospitality.com\/en\/wp-json\/wp\/v2\/types\/page"}],"author":[{"embeddable":true,"href":"https:\/\/jan-hospitality.com\/en\/wp-json\/wp\/v2\/users\/133"}],"replies":[{"embeddable":true,"href":"https:\/\/jan-hospitality.com\/en\/wp-json\/wp\/v2\/comments?post=5341"}],"version-history":[{"count":0,"href":"https:\/\/jan-hospitality.com\/en\/wp-json\/wp\/v2\/pages\/5341\/revisions"}],"wp:attachment":[{"href":"https:\/\/jan-hospitality.com\/en\/wp-json\/wp\/v2\/media?parent=5341"}],"curies":[{"name":"wp","href":"https:\/\/api.w.org\/{rel}","templated":true}]}}